{"id":2907,"date":"2023-11-04T10:13:41","date_gmt":"2023-11-04T10:13:41","guid":{"rendered":"https:\/\/aristonacqui.it\/?page_id=2907"},"modified":"2023-11-04T10:16:35","modified_gmt":"2023-11-04T10:16:35","slug":"acquiteatro-2024","status":"publish","type":"page","link":"https:\/\/aristonacqui.it\/?page_id=2907","title":{"rendered":"AcquiTeatro 2024"},"content":{"rendered":"<p><!--more--><\/p>\n<p><a href=\"https:\/\/aristonacqui.it\/wp-content\/uploads\/2023\/11\/WhatsApp-Image-2023-11-04-at-11.04.39.jpeg\"><img loading=\"lazy\" decoding=\"async\" class=\"size-full wp-image-2902 aligncenter\" src=\"https:\/\/aristonacqui.it\/wp-content\/uploads\/2023\/11\/WhatsApp-Image-2023-11-04-at-11.04.39.jpeg\" alt=\"\" width=\"1059\" height=\"1500\" srcset=\"https:\/\/aristonacqui.it\/wp-content\/uploads\/2023\/11\/WhatsApp-Image-2023-11-04-at-11.04.39.jpeg 1059w, https:\/\/aristonacqui.it\/wp-content\/uploads\/2023\/11\/WhatsApp-Image-2023-11-04-at-11.04.39-212x300.jpeg 212w, https:\/\/aristonacqui.it\/wp-content\/uploads\/2023\/11\/WhatsApp-Image-2023-11-04-at-11.04.39-723x1024.jpeg 723w, https:\/\/aristonacqui.it\/wp-content\/uploads\/2023\/11\/WhatsApp-Image-2023-11-04-at-11.04.39-768x1088.jpeg 768w, https:\/\/aristonacqui.it\/wp-content\/uploads\/2023\/11\/WhatsApp-Image-2023-11-04-at-11.04.39-106x150.jpeg 106w\" sizes=\"auto, (max-width: 1059px) 100vw, 1059px\" \/><\/a><\/p>\n<h4 style=\"text-align: center;\" align=\"JUSTIFY\"><span style=\"color: #993300;\"><strong><em>Sette spettacoli, tra comicit\u00e0, riflessione, grandi classici, una bella storia di sport e un intramontabile caposaldo della commedia dialettale genovese.<br \/>\n<\/em><\/strong><strong><em>Il tutto con affermati e amatissimi protagonisti in palcoscenico.<\/em><\/strong><\/span><\/h4>\n<p align=\"JUSTIFY\">Riparte la stagione di <b>AcquiTeatro<\/b> e anche l\u2019<b>edizione 2024<\/b>, come da tradizione, si svolge al <b>Teatro Ariston <\/b>di <b>piazza Giacomo Matteotti<\/b> ad <b>Acqui Terme<\/b>, con l\u2019organizzazione della societ\u00e0 <b>Dianorama<\/b>, il patrocinio e il contributo del <b>Comune di Acqui Terme<\/b> e la direzione artistica di <b>Clara Costanzo<\/b>. Si comincia marted\u00ec 9 gennaio alle 21 e si va avanti sino a gioved\u00ec 14 marzo, sempre alle 21, per un totale di tre appuntamenti a gennaio e due appuntamenti al mese a febbraio e marzo, con una proposta variegata e accuratamente messa a punto.<\/p>\n<p align=\"JUSTIFY\"><span style=\"color: #000000;\">Inizio di stagione con la commedia <\/span><span style=\"color: #000000;\"><b>\u201cLa strana coppia\u201d<\/b><\/span><span style=\"color: #000000;\"> di <\/span><span style=\"color: #000000;\"><b>Neil Simon<\/b><\/span><span style=\"color: #000000;\">, con la regia di<\/span><span style=\"color: #000000;\"><b> Gianluca Guidi<\/b><\/span><span style=\"color: #000000;\">. In scena i due figli d\u2019arte <\/span><span style=\"color: #000000;\"><b>Gianluca Guidi <\/b><\/span><span style=\"color: #000000;\">e<\/span><span style=\"color: #000000;\"><b> Giampiero Ingrassia <\/b><\/span><span style=\"color: #000000;\">e la compagnia formata da <\/span><span style=\"color: #000000;\"><b>Giuseppe Cantore<\/b><\/span><span style=\"color: #000000;\">,<\/span><span style=\"color: #000000;\"><b> Riccardo Graziosi<\/b><\/span><span style=\"color: #000000;\">,<\/span><span style=\"color: #000000;\"><b> Riccardo Petix<\/b><\/span><span style=\"color: #000000;\">,<\/span><span style=\"color: #000000;\"><b> Simone Repetto<\/b><\/span><span style=\"color: #000000;\">,<\/span><span style=\"color: #000000;\"><b> Claudia Tosoni <\/b><\/span><span style=\"color: #000000;\">e<\/span><span style=\"color: #000000;\"><b> Shaen Barletta<\/b><\/span><span style=\"color: #000000;\">. Protagonisti Felix e Oscar, due divorziati diversi in tutto e per tutto, che dividono un appartamento e si scontrano con i problemi di convivenza quotidiana <\/span><span style=\"color: #000000;\"><b>(marted\u00ec 9 gennaio, ore 21)<\/b><\/span><span style=\"color: #000000;\">.<\/span><\/p>\n<p align=\"JUSTIFY\">Ecco poi, sempre a gennaio, <b>\u201c6 gradi\u201d<\/b>, spettacolo scritto da <b>Giobbe Covatta<\/b> e <b>Paola Catella<\/b> e interpretato dallo stesso <b>Giobbe Covatta<\/b>. Il comico torna dopo il successo dello scorso anno e immagina che sei gradi corrispondano all\u2019aumento della temperatura sulla Terra in un prossimo futuro, fra considerazioni allarmate e veritiere di quel che accadr\u00e0 e stravaganti invenzioni per affrontare le situazioni paradossali ereditate dai nostri discendenti <b>(gioved\u00ec 18 gennaio, ore 21)<\/b>.<\/p>\n<p align=\"JUSTIFY\">Ancora a gennaio, in scena <b>\u201cVicini di casa\u201d<\/b> di <b>Cesc Gay<\/b>, per la regia di <b>Antonio Zavatteri<\/b> e con l\u2019interpretazione di <b>Amanda Sandrelli<\/b>, <b>Gigio Alberti<\/b>, <b>Alessandra Acciai<\/b> e <b>Alberto Giusta<\/b>. Lo spettacolo, con grande leggerezza e umorismo, ma anche con una certa bonaria provocazione, invita a una riflessione sul matrimonio, sull\u2019amore, sulle relazioni e sul dialogo, tra battute e risate <b>(luned\u00ec 29 gennaio, ore 21)<\/b>.<\/p>\n<p align=\"JUSTIFY\">Tutto da scoprire <b>\u201cLa leggenda del pallavolista volante\u201d<\/b>, di <b>Nicola Zavagli<\/b> (che firma anche la regia) e <b>Andrea Zorzi<\/b> e con lo stesso <b>Andrea Zorzi<\/b> e l\u2019attrice <b>Beatrice Visibelli<\/b>. Zorzi, detto \u201cZorro\u201d &#8211; il pallavolista due volte campione del mondo e tre volte campione europeo con l\u2019indimenticabile Nazionale di Julio Velasco &#8211; sale sul palcoscenico e, grazie alla penna e alla regia di Nicola Zavagli, ci racconta la sua grande avventura. Attorno a lui, la verve esplosiva dell\u2019attrice Beatrice Visibelli disegna un paesaggio narrativo carico di ironica allegria, dando vita alla moltitudine di personaggi che hanno accompagnato la vita e la carriera di questo autentico mito dello sport italiano <b>(gioved\u00ec 15 febbraio, ore 21)<\/b>.<\/p>\n<p align=\"JUSTIFY\">Sempre a febbraio, in scena anche <b>\u201cI Mezzalira\u201d<\/b>, pi\u00e8ce scritta da <b>Agnese Fallongo<\/b> e interpretata dalla stessa <b>Agnese Fallongo<\/b> con <b>Tiziano Caputo<\/b> ed <b>Adriano Evangelisti<\/b>, per la regia di <b>Raffaele Latagliata<\/b>. Fallongo e Caputo, gi\u00e0 acclamati nella scorsa stagione, tornano con il nuovo spettacolo, un racconto tragicomico che mescola ai toni brillanti della commedia all\u2019italiana le tinte fosche del giallo <b>(luned\u00ec 26 febbraio, ore 21)<\/b>.<\/p>\n<p align=\"JUSTIFY\">Sesto appuntamento con <b>\u201cCom\u2019\u00e8 ancora umano lei, caro Fantozzi\u201d<\/b>, scritto e diretto da <b>Anna Mazzamauro<\/b>, la celeberrima signorina Silvani nella famosissima saga della commedia italiana. In scena la stessa <b>Anna Mazzamauro<\/b>, con musiche eseguite alla chitarra e al pianoforte da <b>Sas\u00e0 Calabrese<\/b>. L\u2019attrice ricorda l\u2019incontro con il ragionier Fantozzi, il primo film, il divertente impatto con il cinema e via via vent\u2019anni della loro vita professionale a puntate, vent\u2019anni di solitudine della Silvani che non aveva capito che Fantozzi fosse stato l\u2019unico uomo ad averla veramente amata <b>(gioved\u00ec 7 marzo, ore 21)<\/b>.<\/p>\n<p align=\"JUSTIFY\">Infine, chiusura all\u2019insegna del teatro dialettale genovese con <b>\u201cI maneggi per maritare una figlia\u201d<\/b> di <b>Nicol\u00f2 Bacigalupo<\/b>, per la regia di <b>Tullio Solenghi<\/b>. Il classico della commedia di <b>Gilberto Govi<\/b> \u00e8 riportato in vita dallo stesso <b>Tullio Solenghi<\/b> insieme a <b>Elisabetta Pozzi<\/b> e con un cast arricchito da <b>Stefania Pepe<\/b>, <b>Laura Repetto<\/b>, <b>Isabella Loi<\/b>, <b>Federico Pasquali<\/b>, <b>Pier Luigi Pasino<\/b>, <b>Riccardo Livermore<\/b> e <b>Roberto Alinghieri<\/b>. Genova, anni \u201950, Steva \u00e8 un uomo semplice e mite, continuamente vessato dai rimbrotti dell\u2019acida moglie Giggia. I due coniugi, non pi\u00f9 giovanissimi, sono impegnati nella scrupolosa ricerca di un \u201cbuon partito\u201d per maritare la loro unica figlia Metilde: risate assicurate <b>(gioved\u00ec 14 marzo, ore 21)<\/b>.<\/p>\n<p align=\"JUSTIFY\">\u201c<span style=\"font-family: Calibri-Bold, Calibri;\"><i>Da una scommessa vinta, come dimostra la forte ed appassionata partecipazione dello scorso anno, abbiamo voluto continuare nel lavoro svolto e cercare per quanto possibile di incrementare il gi\u00e0 elevatissimo livello artistico, in modo da poter offrire alla Citt\u00e0 e agli acquesi tutti, anno dopo anno, un sempre pi\u00f9 ricco e coinvolgente programma culturale\u201d<\/i><\/span><span style=\"font-family: Calibri-Bold, Calibri;\">, afferma il Sindaco di Acqui Terme, <\/span><span style=\"font-family: Calibri-Bold, Calibri;\"><b>Danilo Rapetti<\/b><\/span><span style=\"font-family: Calibri-Bold, Calibri;\">.<\/span><\/p>\n<p lang=\"it-IT\" align=\"JUSTIFY\"><span style=\"color: #000000;\">\u201c<span style=\"font-family: Times New Roman, serif;\"><span style=\"font-size: medium;\"><span style=\"font-family: Calibri, sans-serif;\">Sono davvero soddisfatto per le proposte teatrali fatte da Dianorama che, come l&#8217;anno scorso, sono molto rappresentative sia per la qualit\u00e0 dei contenuti che per la credibilit\u00e0 degli attori. Questa amministrazione ha voluto confermare l&#8217;organizzazione della rassegna teatrale a Dianorama con il direttore artistico Clara Costanzo, che ha individuato, con professionalit\u00e0, capacit\u00e0 critica e obiettiva, la specificit\u00e0 degli spettacoli, concepiti per un pubblico qualificato come il nostro, da cui non si pu\u00f2 prescindere. Sono convinto che gli attori, con il testo, le sceneggiature, l&#8217;interpretazione dei personaggi, la diversificazione delle battute, sapranno liberare energia e trasmettere profonde emozioni a un pubblico attento e partecipativo, attraverso gli atti e le scene in uno spazio di tempo contenuto, ma unificato nelle sue dimensioni<\/span><span style=\"font-family: Calibri, sans-serif;\"><i>\u201d<\/i><\/span><span style=\"font-family: Calibri, sans-serif;\">, aggiunge l\u2019Assessore alla Cultura, <\/span><span style=\"font-family: Calibri, sans-serif;\"><b>Michele Gallizzi<\/b><\/span><span style=\"font-family: Calibri, sans-serif;\">.<\/span><\/span><\/span><\/span><\/p>\n<p align=\"JUSTIFY\">\u201c<i>Forti del successo della scorsa stagione <\/i>&#8211; afferma <b>Antonio Languasco<\/b> della societ\u00e0 <b>Dianorama<\/b> &#8211; <i>ci siamo sforzati di mantenere invariati i prezzi dei biglietti nonostante i vari rincari e le difficolt\u00e0 del momento\u201d<\/i>.<\/p>\n<p align=\"JUSTIFY\">\u201c<i>Dopo aver visionato una ad una, come mia consuetudine, le proposte disponibili<\/i> &#8211; afferma il direttore artistico <b>Clara Costanzo <\/b>&#8211;<i> <\/i><i>ben felice di accontentare le ripetute richieste del pubblico, <\/i><i>annuncio una stagione pi\u00f9 ricca grazie a uno spettacolo in pi\u00f9\u201d.<\/i><\/p>\n<p align=\"JUSTIFY\">Gli abbonati della Stagione 2023 hanno la possibilit\u00e0 di riconfermare la stessa poltrona. Tale diritto potr\u00e0 essere esercitato entro e non oltre venerd\u00ec 8 dicembre 2023. Fino a questo giorno saranno in vendita, per i nuovi abbonati, solo i posti non occupati dagli abbonati della scorsa stagione.<\/p>\n<p align=\"JUSTIFY\">La prevendita dei biglietti per i singoli spettacoli inizier\u00e0 sabato 16 dicembre 2023 presso la biglietteria del Teatro Ariston oppure online sul sito <span style=\"color: #0563c1;\"><u><a href=\"http:\/\/www.webtic.it\/\">www.webtic.it<\/a><\/u><\/span>.<\/p>\n<p align=\"JUSTIFY\"><u>Informazioni al numero 0144 58067. <\/u><span style=\"color: #000000;\"><u>La biglietteria \u00e8 aperta nel consueto orario di apertura del cinema.<\/u><\/span><\/p>\n","protected":false},"excerpt":{"rendered":"","protected":false},"author":2,"featured_media":0,"parent":0,"menu_order":0,"comment_status":"closed","ping_status":"closed","template":"","meta":{"footnotes":""},"class_list":["post-2907","page","type-page","status-publish","hentry"],"_links":{"self":[{"href":"https:\/\/aristonacqui.it\/index.php?rest_route=\/wp\/v2\/pages\/2907","targetHints":{"allow":["GET"]}}],"collection":[{"href":"https:\/\/aristonacqui.it\/index.php?rest_route=\/wp\/v2\/pages"}],"about":[{"href":"https:\/\/aristonacqui.it\/index.php?rest_route=\/wp\/v2\/types\/page"}],"author":[{"embeddable":true,"href":"https:\/\/aristonacqui.it\/index.php?rest_route=\/wp\/v2\/users\/2"}],"replies":[{"embeddable":true,"href":"https:\/\/aristonacqui.it\/index.php?rest_route=%2Fwp%2Fv2%2Fcomments&post=2907"}],"version-history":[{"count":3,"href":"https:\/\/aristonacqui.it\/index.php?rest_route=\/wp\/v2\/pages\/2907\/revisions"}],"predecessor-version":[{"id":2916,"href":"https:\/\/aristonacqui.it\/index.php?rest_route=\/wp\/v2\/pages\/2907\/revisions\/2916"}],"wp:attachment":[{"href":"https:\/\/aristonacqui.it\/index.php?rest_route=%2Fwp%2Fv2%2Fmedia&parent=2907"}],"curies":[{"name":"wp","href":"https:\/\/api.w.org\/{rel}","templated":true}]}}