{"id":27,"date":"2015-01-20T09:48:50","date_gmt":"2015-01-20T09:48:50","guid":{"rendered":"http:\/\/cinemacentrale.com\/?page_id=27"},"modified":"2016-11-09T03:32:25","modified_gmt":"2016-11-09T03:32:25","slug":"teatro","status":"publish","type":"page","link":"https:\/\/aristonacqui.it\/?page_id=27","title":{"rendered":"AcquiTeatro 2015\/2016"},"content":{"rendered":"<p><!--more--><\/p>\n<p style=\"text-align: center;\"><a href=\"https:\/\/aristonacqui.it\/wp-content\/uploads\/2015\/06\/Banner_AcquiTeatro.jpg\"><img loading=\"lazy\" decoding=\"async\" class=\"alignnone size-medium wp-image-665\" src=\"https:\/\/aristonacqui.it\/wp-content\/uploads\/2015\/06\/Banner_AcquiTeatro-300x123.jpg\" alt=\"Banner_AcquiTeatro\" width=\"300\" height=\"123\" srcset=\"https:\/\/aristonacqui.it\/wp-content\/uploads\/2015\/06\/Banner_AcquiTeatro-300x123.jpg 300w, https:\/\/aristonacqui.it\/wp-content\/uploads\/2015\/06\/Banner_AcquiTeatro-1024x421.jpg 1024w, https:\/\/aristonacqui.it\/wp-content\/uploads\/2015\/06\/Banner_AcquiTeatro-250x103.jpg 250w, https:\/\/aristonacqui.it\/wp-content\/uploads\/2015\/06\/Banner_AcquiTeatro-150x62.jpg 150w, https:\/\/aristonacqui.it\/wp-content\/uploads\/2015\/06\/Banner_AcquiTeatro.jpg 1300w\" sizes=\"auto, (max-width: 300px) 100vw, 300px\" \/><\/a><\/p>\n<p><span style=\"text-decoration: underline;\"><big><strong>ABBONAMENTI<\/strong><\/big><\/span><br \/>\nABBONAMENTO per 7 spettacoli POSTO FISSO:<br \/>\nPrimi posti \u20ac 168,00<br \/>\nSecondi posti \u20ac 144,00<br \/>\n* Ridotto Secondi Posti \u20ac 114,00<br \/>\n<strong>La prevendita degli abbonamenti inizier\u00e0 il 9 ottobre 2015 presso la biglietteria del Teatro Ariston e sar\u00e0 aperta durante l&#8217;orario di apertura del cinema.<\/strong><\/p>\n<p><span style=\"text-decoration: underline;\"><big><strong>BIGLIETTI<\/strong><\/big><\/span><br \/>\nPrimi posti \u20ac 28,00<br \/>\nSecondi posti \u20ac 24,00<br \/>\n* Ridotto Secondi Posti \u20ac 19,00<br \/>\nGalleria \u20ac 20,00<br \/>\n* Ridotto Galleria \u20ac 15,00<br \/>\n<strong>La prevendite dei biglietti per i singoli spettacoli inizier\u00e0 il giorno 1 novembre 2015 presso la biglietteria del Teatro Ariston e sar\u00e0 aperta durante l&#8217;orario di apertura del cinema.<\/strong><\/p>\n<p>* Per i giovani fino a 18 anni, studenti universitari fino a 25 anni e adulti oltre i 65 anni.<\/p>\n<hr \/>\n<p align=\"CENTER\"><span style=\"color: #000000;\"><span style=\"font-size: xx-large;\"><b>CARTELLONE 2015\/2016<\/b><\/span><\/span><\/p>\n<hr \/>\n<p style=\"text-align: center;\"><strong><span style=\"color: #ff0000;\"><big>MERCOLEDI&#8217; 11 NOVEMBRE ORE 21,00<\/big><\/span><\/strong><br \/>\n<a href=\"https:\/\/aristonacqui.it\/wp-content\/uploads\/2015\/06\/spettacolo1.jpg\"><img loading=\"lazy\" decoding=\"async\" class=\"alignnone size-medium wp-image-666\" src=\"https:\/\/aristonacqui.it\/wp-content\/uploads\/2015\/06\/spettacolo1-300x300.jpg\" alt=\"spettacolo1\" width=\"300\" height=\"300\" srcset=\"https:\/\/aristonacqui.it\/wp-content\/uploads\/2015\/06\/spettacolo1-300x300.jpg 300w, https:\/\/aristonacqui.it\/wp-content\/uploads\/2015\/06\/spettacolo1-150x150.jpg 150w, https:\/\/aristonacqui.it\/wp-content\/uploads\/2015\/06\/spettacolo1.jpg 539w\" sizes=\"auto, (max-width: 300px) 100vw, 300px\" \/><\/a><br \/>\nUno spettacolo di e con Simone Cristicchi<br \/>\nScritto con Jan Bernas<br \/>\nregia Antonio Calenda<br \/>\nMusiche e canzoni inedite Simone Cristicchi<br \/>\nCon la partecipazione straordinaria del Piccolo Coro Lollipop diretto da Antonella Ser\u00e0<br \/>\nMusiche di scena e arrangiamenti Valter Sivilotti registrate dalla FVG Mitteleuropa Orchestra<\/p>\n<p style=\"text-align: justify;\">Simone Cristicchi, cantautore e autore teatrale, \u00e8 stato premiato in Acqui Storia 2014 perch\u00e8 con lo spettacolo Magazzino 18 ha ricostruito, col coraggio della verit\u00e0, la storia di amore e di dolore degli Italiani dell&#8217;Istria e della Dalmazia, quando col trattato di pace del 1947, l\u2019Italia perdette vasti territori e quasi 300000 persone scelsero di lasciare le loro terre natali, destinate ad essere jugoslave, per proseguire la loro esistenza in Italia. Cristicchi, colpito da questa pagina scarsamente frequentata della nostra storia, decide di ripercorrerla in un testo che prende il titolo proprio da quel luogo nel Porto Vecchio di Trieste, il Magazzino 18, dove gli esuli, senza casa e spesso prossimi ad affrontare lunghi periodi in campo profughi o estenuanti viaggi verso terre lontane, lasciavano le loro propriet\u00e0, in attesa di poterne in futuro rientrare in possesso.<\/p>\n<hr \/>\n<p style=\"text-align: center;\"><strong><span style=\"color: #ff0000;\"><big>LUNEDI&#8217; 14 DICEMBRE ORE 21,00<\/big><\/span><\/strong><br \/>\n<a href=\"https:\/\/aristonacqui.it\/wp-content\/uploads\/2015\/06\/spettacolo2.jpg\"><img loading=\"lazy\" decoding=\"async\" class=\"alignnone size-medium wp-image-667\" src=\"https:\/\/aristonacqui.it\/wp-content\/uploads\/2015\/06\/spettacolo2-300x300.jpg\" alt=\"spettacolo2\" width=\"300\" height=\"300\" srcset=\"https:\/\/aristonacqui.it\/wp-content\/uploads\/2015\/06\/spettacolo2-300x300.jpg 300w, https:\/\/aristonacqui.it\/wp-content\/uploads\/2015\/06\/spettacolo2-150x150.jpg 150w, https:\/\/aristonacqui.it\/wp-content\/uploads\/2015\/06\/spettacolo2.jpg 539w\" sizes=\"auto, (max-width: 300px) 100vw, 300px\" \/><\/a><br \/>\ndi Paul Portner<br \/>\nallestimento originale americano di BRUCE JORDAN e MARYLIN ABRAMS<br \/>\nversione italiana MARCO RAMPOLDI, GIANLUCA RAMAZZOTTI<br \/>\ncon MICHELA ANDREOZZI, ROBERTO CIUFOLI, MAX PISU, BARBARA TERRINONI<br \/>\nE LA PARTECIPAZIONE DI NINO FORMICOLA E NINI SALERNO<br \/>\nregia MARCO RAMPOLDI<br \/>\nscene Alessandro Chiti<\/p>\n<p style=\"text-align: justify;\">Forbici &amp; Follia \u00e8 un salone da coiffeur di una citt\u00e0 italiana, in un giorno come tanti in cui la tranquilla vita di pettegolezzi e allegria, viene interrotta dalla notizia di un omicidio.<br \/>\nTutti i presenti hanno un movente che giustificherebbe il delitto ed hanno avuto la possibilit\u00e0 di compierlo. Il giallo si sviluppa grazie alla collaborazione degli spettatori\/testimoni oculari, che possono risolvere il mistero, tra una gag comica e un nuovo indizio.<br \/>\nUno spettacolo originale, un\u2019esplosione dinamica, assolutamente diversa di sera in sera.<\/p>\n<hr \/>\n<p style=\"text-align: center;\"><strong><span style=\"color: #ff0000;\"><big>LUNEDI&#8217; 18 GENNAIO ORE 21,00<br \/>\n<a href=\"https:\/\/aristonacqui.it\/wp-content\/uploads\/2015\/06\/spettacolo3.jpg\"><img loading=\"lazy\" decoding=\"async\" class=\"alignnone size-medium wp-image-668\" src=\"https:\/\/aristonacqui.it\/wp-content\/uploads\/2015\/06\/spettacolo3-300x300.jpg\" alt=\"spettacolo3\" width=\"300\" height=\"300\" srcset=\"https:\/\/aristonacqui.it\/wp-content\/uploads\/2015\/06\/spettacolo3-300x300.jpg 300w, https:\/\/aristonacqui.it\/wp-content\/uploads\/2015\/06\/spettacolo3-150x150.jpg 150w, https:\/\/aristonacqui.it\/wp-content\/uploads\/2015\/06\/spettacolo3.jpg 539w\" sizes=\"auto, (max-width: 300px) 100vw, 300px\" \/><\/a><\/big><\/span><\/strong><br \/>\ndi Mino Bellei<br \/>\ncon PAOLA GASSMAN, LYDIA BIONDI, MIRELLA MAZZERANGHI<br \/>\nregia CLAUDIO BELLANTI<br \/>\nscene Genella Ferreri<\/p>\n<p style=\"text-align: justify;\">Gli scienziati dicono che l&#8217;essere umano usa il 10% del proprio cervello e che occorreranno secoli prima che impari ad usare il restante 90%.<br \/>\nAngelina non sa usare nemmeno quel 10%. Lei \u00e8 tutta l\u00ec, nel suo niente.<br \/>\nAmalia, invece \u00e8 sicuramente una donna intelligente, ex attrice e cantante di grande successo, ex \u201cbella\u201d. Oggi \u00e8 soltanto una donna sull&#8217;orlo del tracollo finanziario e nervoso, e che usa almeno un buon 20% del proprio cervello\u2026<br \/>\nAugusta, donna energica , di poche parole, ma ricca di fatti&#8230;. probabilmente \u00e8 quella che lo usa meglio: \u2026\u201dsola e felice\u201d, apparentemente, ma forse anche arrabbiata con la vita e con la propria percentuale d\u2019 uso cerebrale.<br \/>\nSpettacolo irriverente, divertentissimo, agito da tre anziane amiche che alla soglia dei 70 anni, dopo la reciproca conoscenza, durata la gran parte della vita, scelgono il giorno di Natale per dirsi improvvisamente tutto quello che hanno taciuto nei decenni precedenti.<br \/>\nIn fondo la verit\u00e0 \u00e8 una sola\u2026la vita non \u00e8 un film di Doris Day.<\/p>\n<hr \/>\n<p style=\"text-align: center;\"><strong><span style=\"color: #ff0000;\"><big>LUNEDI&#8217; 1 FEBBRAIO ORE 21,00<br \/>\n<a href=\"https:\/\/aristonacqui.it\/wp-content\/uploads\/2015\/06\/spettacolo4.jpg\"><img loading=\"lazy\" decoding=\"async\" class=\"alignnone size-medium wp-image-669\" src=\"https:\/\/aristonacqui.it\/wp-content\/uploads\/2015\/06\/spettacolo4-300x300.jpg\" alt=\"spettacolo4\" width=\"300\" height=\"300\" srcset=\"https:\/\/aristonacqui.it\/wp-content\/uploads\/2015\/06\/spettacolo4-300x300.jpg 300w, https:\/\/aristonacqui.it\/wp-content\/uploads\/2015\/06\/spettacolo4-150x150.jpg 150w, https:\/\/aristonacqui.it\/wp-content\/uploads\/2015\/06\/spettacolo4.jpg 539w\" sizes=\"auto, (max-width: 300px) 100vw, 300px\" \/><\/a><\/big><\/span><\/strong><br \/>\nliberamente tratto dal libro omonimo di Caterina Chinnici<br \/>\nCon CLARA COSTANZO ROBERTO IZZO<br \/>\nRegia di CLARA COSTANZO<\/p>\n<p style=\"text-align: justify;\">Il 29 Luglio 1983 a Palermo in via Pipitone Federico una Fiat126 imbottita di tritolo esplode uccidendo il magistrato Rocco Chinnici con la scorta e il portiere dello stabile dove abitava.<br \/>\nCaterina, la figlia maggiore, racconta la sua storia: uno sguardo pieno di infinito amore filiale, di stima profondissima e di emozione immensa per un pap\u00e0 che fu uomo di giustizia, integerrimo ma di grande umanit\u00e0 e marito e padre sempre presente, affettuoso e amorevole.<\/p>\n<hr \/>\n<p style=\"text-align: center;\"><strong><span style=\"color: #ff0000;\"><big>LUNEDI&#8217; 29 FEBBRAIO ORE 21,00<br \/>\n<a href=\"https:\/\/aristonacqui.it\/wp-content\/uploads\/2015\/06\/spettacolo5.jpg\"><img loading=\"lazy\" decoding=\"async\" class=\"alignnone size-medium wp-image-670\" src=\"https:\/\/aristonacqui.it\/wp-content\/uploads\/2015\/06\/spettacolo5-300x300.jpg\" alt=\"spettacolo5\" width=\"300\" height=\"300\" srcset=\"https:\/\/aristonacqui.it\/wp-content\/uploads\/2015\/06\/spettacolo5-300x300.jpg 300w, https:\/\/aristonacqui.it\/wp-content\/uploads\/2015\/06\/spettacolo5-150x150.jpg 150w, https:\/\/aristonacqui.it\/wp-content\/uploads\/2015\/06\/spettacolo5.jpg 539w\" sizes=\"auto, (max-width: 300px) 100vw, 300px\" \/><\/a><\/big><\/span><\/strong><br \/>\nDi Matthieu Delaporte &#8211; Alexandre de la Patelli\u00e8re<br \/>\nAdattamento di Carlo Buccirosso e Sabrina Ferilli<br \/>\nCon SABRINA FERILLI, MAURIZIO MICHELI, PINO QUARTULLO<br \/>\nMassimiliano Giovanetti, Claudiafederica Petrella, Liliana Oricchio Vallasciani<br \/>\nRegia MAURIZIO MICHELI<br \/>\nScenografia Gilda Cerullo<br \/>\nCostumi Andreas Mercante<\/p>\n<p style=\"text-align: justify;\">Una cena a casa, in famiglia, con la voglia e il piacere di stare insieme, di dirsi tante cose non dette e forse tenute dentro per anni: il migliore dei ristorante non potrebbe mai regalare la stessa atmosfera&#8230;<br \/>\nLe sorprese non mancano e uno scherzo innocente e goliardico pu\u00f2 rivelare realt\u00e0 inaspettate e allora anche la pi\u00f9 gustosa delle pietanze, come il pat\u00e8 che da il nome al titolo, pu\u00f2 cambiare sapore&#8230;<br \/>\nUna commedia brillante, a tratti grottesca e dai risvolti amari, che porta i protagonisti alla consapevolezza che, finita la cena, niente forse sar\u00e0 pi\u00f9 come prima.<br \/>\nSignore e signori: lo spettacolo \u00e8 servito!<\/p>\n<hr \/>\n<p style=\"text-align: center;\"><strong><span style=\"color: #ff0000;\"><big>LUNEDI&#8217; 14 MARZO ORE 21,00<br \/>\n<a href=\"https:\/\/aristonacqui.it\/wp-content\/uploads\/2015\/06\/spettacolo6.jpg\"><img loading=\"lazy\" decoding=\"async\" class=\"alignnone size-medium wp-image-671\" src=\"https:\/\/aristonacqui.it\/wp-content\/uploads\/2015\/06\/spettacolo6-300x300.jpg\" alt=\"spettacolo6\" width=\"300\" height=\"300\" srcset=\"https:\/\/aristonacqui.it\/wp-content\/uploads\/2015\/06\/spettacolo6-300x300.jpg 300w, https:\/\/aristonacqui.it\/wp-content\/uploads\/2015\/06\/spettacolo6-150x150.jpg 150w, https:\/\/aristonacqui.it\/wp-content\/uploads\/2015\/06\/spettacolo6.jpg 539w\" sizes=\"auto, (max-width: 300px) 100vw, 300px\" \/><\/a><\/big><\/span><\/strong><br \/>\nDi Gianni Clementi<br \/>\nCon ELISABETTA DE VITO, NICOLA PISTOIA, PAOLO TRIESTINO<br \/>\nRegia di NICOLA PISTOIA<\/p>\n<p style=\"text-align: justify;\">Sergio, Nicola Pistoia, \u00e8 un ex stuntman di Cinecitt\u00e0 che sbarca il lunario come centurione davanti al Colosseo e abita in periferia con la sorella Maria, Elisabetta De Vito, che \u00e8 separata e lavora a casa.<br \/>\nImprovvisamente bussa alla loro porta Milan, Paolo Triestino, ingegnere bielorusso con tanta voglia di lavorare e tanta creativit\u00e0, che cambier\u00e0 radicalmente la loro vita quotidiana.<br \/>\nUna delle migliori commedie degli ultimi anni, un&#8217; occasione straordinaria di grandissime risate e momenti di riflessione sulla natura umana.<\/p>\n<hr \/>\n<p style=\"text-align: center;\"><strong><span style=\"color: #ff0000;\"><big>MARTEDI&#8217; 12 APRILE ORE 21,00<br \/>\n<a href=\"https:\/\/aristonacqui.it\/wp-content\/uploads\/2015\/01\/TAXI-A-2-PAIZZE.jpg\" rel=\"attachment wp-att-849\"><img loading=\"lazy\" decoding=\"async\" class=\"alignnone size-medium wp-image-849\" src=\"https:\/\/aristonacqui.it\/wp-content\/uploads\/2015\/01\/TAXI-A-2-PAIZZE-247x300.jpg\" alt=\"TAXI A 2 PAIZZE\" width=\"247\" height=\"300\" srcset=\"https:\/\/aristonacqui.it\/wp-content\/uploads\/2015\/01\/TAXI-A-2-PAIZZE-247x300.jpg 247w, https:\/\/aristonacqui.it\/wp-content\/uploads\/2015\/01\/TAXI-A-2-PAIZZE-123x150.jpg 123w, https:\/\/aristonacqui.it\/wp-content\/uploads\/2015\/01\/TAXI-A-2-PAIZZE.jpg 484w\" sizes=\"auto, (max-width: 247px) 100vw, 247px\" \/><\/a> <\/big><\/span><\/strong><br \/>\nDi RAY COONEY<\/p>\n<p>Mario Rossi \u00e8 un tassista sposato con Alice Rossi e residente in Piazza Irnerio 100.\u2028Ma Mario Rossi \u00e8 anche un tassista sposato con Barbara Rossi e residente in piazza Risorgimento.\u2028Un curioso caso di omonimia con tanto di identica professione? No: i due Rossi sono la stessa persona. Il tassista \u00e8 bigamo e ha sposato Alice in chiesa e Barbara in comune 6 mesi dopo. Seguendo una precisa pianificazione di orari e turni di lavoro, e grazie al lavoro di entrambe le mogli, Mario riesce per 2 anni a vivere nascondendo la verit\u00e0 a Barbara e Alice. Tutto si complica quando, per salvare un\u2019anziana signora da uno scippo, Mario riceve una brutta botta in testa che lo costringe, privo di sensi, al ricovero in ospedale. Al risveglio il tassista, ancora confuso, dar\u00e0 a un infermiere l\u2019indirizzo della prima moglie, e, a un altro impiegato dell\u2019ospedale quello della seconda.\u2028La denuncia arriver\u00e0 quindi a due diversi commissariati di due diverse zone, che a loro volta si attiveranno mandando a indagare due diversi ispettori.\u2028Anche la stampa far\u00e0 la sua inviando a casa di Mario un fotografo che scatter\u00e0 la foto che verr\u00e0 pubblicata sulla copertina di Roma Sera.\u2028Ci\u00f2 che seguir\u00e0 sar\u00e0 una serie di equivoci, coincidenze e bugie che, col loro ritmo infernale, intricheranno a tal punto la trama da condurre a un finale inaspettato e sorprendente.<\/p>\n","protected":false},"excerpt":{"rendered":"","protected":false},"author":2,"featured_media":0,"parent":1121,"menu_order":0,"comment_status":"closed","ping_status":"closed","template":"","meta":{"footnotes":""},"class_list":["post-27","page","type-page","status-publish","hentry"],"_links":{"self":[{"href":"https:\/\/aristonacqui.it\/index.php?rest_route=\/wp\/v2\/pages\/27","targetHints":{"allow":["GET"]}}],"collection":[{"href":"https:\/\/aristonacqui.it\/index.php?rest_route=\/wp\/v2\/pages"}],"about":[{"href":"https:\/\/aristonacqui.it\/index.php?rest_route=\/wp\/v2\/types\/page"}],"author":[{"embeddable":true,"href":"https:\/\/aristonacqui.it\/index.php?rest_route=\/wp\/v2\/users\/2"}],"replies":[{"embeddable":true,"href":"https:\/\/aristonacqui.it\/index.php?rest_route=%2Fwp%2Fv2%2Fcomments&post=27"}],"version-history":[{"count":8,"href":"https:\/\/aristonacqui.it\/index.php?rest_route=\/wp\/v2\/pages\/27\/revisions"}],"predecessor-version":[{"id":1120,"href":"https:\/\/aristonacqui.it\/index.php?rest_route=\/wp\/v2\/pages\/27\/revisions\/1120"}],"up":[{"embeddable":true,"href":"https:\/\/aristonacqui.it\/index.php?rest_route=\/wp\/v2\/pages\/1121"}],"wp:attachment":[{"href":"https:\/\/aristonacqui.it\/index.php?rest_route=%2Fwp%2Fv2%2Fmedia&parent=27"}],"curies":[{"name":"wp","href":"https:\/\/api.w.org\/{rel}","templated":true}]}}