{"id":2503,"date":"2022-01-12T00:59:47","date_gmt":"2022-01-12T00:59:47","guid":{"rendered":"https:\/\/aristonacqui.it\/?page_id=2503"},"modified":"2022-01-12T00:59:47","modified_gmt":"2022-01-12T00:59:47","slug":"acquiteatro-2020","status":"publish","type":"page","link":"https:\/\/aristonacqui.it\/?page_id=2503","title":{"rendered":"AcquiTeatro 2020"},"content":{"rendered":"<!--more-->\r\n<blockquote><img loading=\"lazy\" decoding=\"async\" class=\"alignleft\" src=\"http:\/\/i1.wp.com\/aristonacqui.it\/wp-content\/uploads\/2019\/11\/AcquiTeatro-2020-1.jpg?resize=724%2C1024\" alt=\"Questa immagine ha l'attributo alt vuoto; il nome del file \u00e8 AcquiTeatro-2020-1.jpg\" width=\"361\" height=\"510\" \/><strong>A partire dal 14 gennaio 2020 prender\u00e0 il via la quinta edizione di \u201cAcquiTeatro\u201d. La stagione, come sempre con la direzione artistica di Clara Costanzo, sar\u00e0 composta da 6 spettacoli, tutti compresi in abbonamento.<\/strong>\r\n\r\n<span style=\"font-weight: 400;\">La nuova Stagione manterr\u00e0 invariati i prezzi dei biglietti, con i ridotti riservati ai giovani fino a 18 anni, studenti universitari fino a 25 anni e adulti oltre i 65 anni (primi posti platea \u20ac 28,00, ridotto \u20ac 23,00 \u2013 secondi posti platea \u20ac 24,00, ridotto \u20ac 19,00 \u2013 galleria \u20ac 20,00, ridotto \u20ac 15,00), e degli abbonamenti: primi posti platea \u20ac 141,00, ridotto \u20ac 117,00 &#8211; secondi posti platea \u20ac 120,00, ridotto \u20ac 96,00 &#8211; galleria \u20ac 99,00, ridotto \u20ac 75,00<\/span>\r\n\r\n<span style=\"font-weight: 400;\">Fino a domenica 15 dicembre gli abbonati della scorsa stagione hanno la possibilit\u00e0 di confermare la stessa poltrona e, quindi, fino a tale data saranno in vendita per i nuovi abbonati solamente i posti non occupati dagli abbonamenti della scorsa stagione. Dal 16 dicembre saranno in vendita anche i biglietti dei singoli spettacoli sia presso la biglietteria del Cinema Teatro Ariston che online <strong><span style=\"color: #ff0000;\"><a style=\"color: #ff0000;\" href=\"https:\/\/aristonacqui.it\/?page_id=1545\">QUI<\/a><\/span><\/strong>.<\/span><\/blockquote>\r\n\r\n<hr \/>\r\n<p align=\"CENTER\"><span style=\"color: #000000;\"><span style=\"font-size: xx-large;\"><b>CARTELLONE 2020<\/b><\/span><\/span><\/p>\r\n<p align=\"CENTER\"><img loading=\"lazy\" decoding=\"async\" class=\"alignleft\" src=\"https:\/\/aristonacqui.it\/wp-content\/uploads\/2019\/11\/Donchisci@tte.jpg\" alt=\"Questa immagine ha l'attributo alt vuoto; il nome del file \u00e8 Donchisci@tte.jpg\" width=\"578\" height=\"385\" \/><\/p>\r\n\r\n<h2><em><b>MARTED\u00cc 14 GENNAIO 2020 ore 21:00\r\n<\/b><\/em><\/h2>\r\n<h1><b>DONCHISCI@TTE<\/b><\/h1>\r\n<span style=\"font-weight: 400;\">liberamente ispirato a Donchisciotte della Mancia di <strong>Miguel Cervantes<\/strong>\r\ndi <strong>Nunzio Caponio<\/strong>\r\nCon<b>\u00a0 Stefano Fresi, Alessandro Benvenuti<\/b>\r\nRegia<b> Davide Iodice<\/b><\/span>\r\n<h6 align=\"JUSTIFY\"><span style=\"font-family: Calibri, sans-serif;\"><span style=\"font-size: small;\">Un testo originale che prende ispirazione dall\u2019opera di Cervantes, scagliando la simbologia di questo mito contro i vizi della nostra contemporaneit\u00e0. Il nostro Don lotta contro un mondo sempre pi\u00f9 virtuale per mantenere intatto il suo pensiero critico coltivando &#8220;l\u2019IDEA&#8221;. Nella giostra di pensieri che galoppano progressivamente verso l\u2019inevitabile delirio, le menti malefiche dei giganti delle multinazionali sono il nemico contro cui scagliarsi. L\u2019Amore \u00e8 ancora il vento che soffia e muove, anche se Dulcinea, intrappolata in una webcam, pu\u00f2 svanire dolorosamente per un banale blackout. Due attori straordinari per una storia intrisa di poesia, leggerezza e sogno<\/span><\/span><\/h6>\r\n\r\n<hr \/>\r\n\r\n<img decoding=\"async\" class=\"alignleft\" src=\"https:\/\/aristonacqui.it\/wp-content\/uploads\/2019\/11\/UnAutunnoDiFuoco.jpg\" alt=\"Questa immagine ha l'attributo alt vuoto; il nome del file \u00e8 UnAutunnoDiFuoco.jpg\" \/>\r\n<h2><em><b>MARTED\u00cc 28 GENNAIO 2020 <\/b><\/em><em><b>ore 21:00<\/b><\/em><b><\/b><\/h2>\r\n<h1><b>UN AUTUNNO DI FUOCO<\/b><\/h1>\r\n<span style=\"font-weight: 400;\">di<strong> Eric Coble<\/strong>\r\nCon<strong> Milena Vukotich, Maximilian Nisi\r\n<\/strong>Regia<strong> Marcello Cotugno\r\n<\/strong><\/span>\r\n<h6 align=\"JUSTIFY\"><span style=\"font-family: Calibri, sans-serif;\"><span style=\"font-size: small;\">In un normale pomeriggio d&#8217;autunno, una donna si barrica nel suo appartamento e tra contenitori pieni di liquido infiammabile sprofonda su una poltrona e attende. Alexandra decide cos\u00ec di spezzare la catena e ribellarsi alle decisioni dei figli. D&#8217;improvviso, da una finestra si arrampica Chris, persuasivo, discreto che tenter\u00e0, in un&#8217;ora, di dissuadere la madre, liberandole la mente e rinfrancandole finalmente il cuore. <\/span><\/span><\/h6>\r\n<strong><em>Spettacolo inserito nel progetto DonnAcqui degli assessorati: Politiche Sociali, Cultura e Pubblica Istruzione<\/em><\/strong>\r\n\r\n<hr \/>\r\n\r\n<img decoding=\"async\" class=\"alignleft\" src=\"https:\/\/aristonacqui.it\/wp-content\/uploads\/2019\/11\/LaMatematica.jpg\" alt=\"Questa immagine ha l'attributo alt vuoto; il nome del file \u00e8 LaMatematica.jpg\" \/>\r\n<h2><em><strong>MARTED\u00cc 11 FEBBRAIO 2020 <\/strong><\/em><em><b>ore 21:00<\/b><\/em><\/h2>\r\n<h1><strong>LA MATEMATICA DELL&#8217;AMORE <\/strong><\/h1>\r\ndi <strong>Adriano Bennicelli<\/strong>\r\nCon <strong>Edy Angelillo, Michele La Ginestra<\/strong>\r\nRegia <strong>Enrico Maria La Manna\r\n<\/strong>\r\n<h6 align=\"JUSTIFY\"><span style=\"font-family: Calibri, sans-serif;\"><span style=\"font-size: small;\">E&#8217; la storia di un uomo che, alle soglie della pensione, fa il consuntivo della sua vita. Lo accompagna una donna, al suo fianco da quando erano bambini. Ricordi, emozioni e giochi di tanti anni di vita insieme, tra alti e bassi, tra prendersi e lasciarsi, raccontati con la voglia di sorridere sempre anche delle difficolt\u00e0. Lei e il suo giocare col mondo sono l\u2019eccezione. Lui e il suo rifiuto della matematica sono la regola. Una storia d\u2019amore, di matematica e di sentimenti, per uno spettacolo che \u00e8 un cult del panorama teatrale italiano<\/span><\/span><\/h6>\r\n&nbsp;\r\n\r\n<hr \/>\r\n\r\n<img loading=\"lazy\" decoding=\"async\" class=\"alignleft\" src=\"https:\/\/aristonacqui.it\/wp-content\/uploads\/2019\/11\/Bugia.jpg\" alt=\"Questa immagine ha l'attributo alt vuoto; il nome del file \u00e8 Bugia.jpg\" width=\"474\" height=\"464\" \/>\r\n<h2><em><strong>MERCOLED\u00cc 26 FEBBRAIO 2020 <\/strong><\/em><em><b>ore 21:00<\/b><\/em><\/h2>\r\n<h1><strong>SE DEVI DIRE UNA BUGIA DILLA GROSSA\r\n<\/strong><\/h1>\r\n<span style=\"font-weight: 400;\">di <strong>Ray Cooney<\/strong>\r\n<\/span>con<strong> Antonio Catania, Gianluca Ramazzotti, Paola Quattrini, Nini Salerno<\/strong>\r\nPaola Barale, Marco Cavallaro, Alessandro D&#8217;Ambrosi, Sara Adami, Lorenza Giacometti, Aurora Cancian\r\n<strong>Regia Originale di Pietro Garinei, nuova messa in scena Luigi Russo\r\n<\/strong>\r\n<h6 align=\"JUSTIFY\"><span style=\"font-family: Calibri, sans-serif;\"><span style=\"font-size: small;\">E&#8217; proprio difficile tradire la moglie quando si \u00e8 un personaggio in vista, quando il tradimento si dovrebbe consumare in un albergo frequentatissimo e coincidenze ed intreccisi frappongono all&#8217;impresa. Questa in sintesi la trama densa di equivoci, gags e colpi di scena, della spumeggiante commedia, che in 30 anni \u00e8 stata rappresentata in tutto il mondo. A cento anni dalla nascita di Garinei, l&#8217;allestimento \u00e8 quello originale firmato da Garinei e Giovannini. Cos\u00ec in una girandola di battibecchi,rossori, spaventi all&#8217;insegna del pi\u00f9 sano divertimento, si ride a crepapelle pur rispecchiandosi nei vizi e nelle incongruenze della societ\u00e0.<\/span><\/span><\/h6>\r\n&nbsp;\r\n\r\n<hr \/>\r\n\r\n<img loading=\"lazy\" decoding=\"async\" class=\"alignleft\" src=\"https:\/\/aristonacqui.it\/wp-content\/uploads\/2019\/11\/HollywoodBurger-1.jpg\" alt=\"Questa immagine ha l'attributo alt vuoto; il nome del file \u00e8 HollywoodBurger-1.jpg\" width=\"574\" height=\"411\" \/>\r\n<h2><strong><em>MARTED\u00cc 3 MARZO 2020 <\/em><\/strong><em><b>ore 21:00<\/b><\/em><\/h2>\r\n<h1><strong>HOLLYWOOD BURGER\r\n<\/strong><\/h1>\r\ndi <strong>Roberto Cavosi<\/strong>\r\nCon<strong>\u00a0 Enzo Iachetti, Pino Quartullo<\/strong>\r\nFausto Caroli\r\nRegia<strong> Pino Quartullo\r\n<\/strong>\r\n<h6 align=\"JUSTIFY\"><span style=\"font-family: Calibri, sans-serif;\"><span style=\"font-size: small;\">In periodo di feste natalizie nella mensa dei mitici Studios di Hollywood si incontrano due attori mitomani, assolutamente alla deriva ma tenacemente aggrappati al sogno del grande cinema. I due disgraziati raccontano la loro carriera ricca di insuccessi tra scene memorabili, di cui per\u00f2 tutti ignorano l\u2019esistenza perch\u00e9 tagliate al montaggio, e ruoli entrati nell\u2019Olimpo di Hollywood ma non riconducibili a nessuno dei due. In un crescendo di battute esilaranti, situazioni imbarazzanti ed episodi tragicomici, si delineano due improbabili e simpatici personaggi che riveleranno retroscena assurdi della loro grama esistenza.<\/span><\/span><\/h6>\r\n\r\n<hr \/>\r\n\r\n<img loading=\"lazy\" decoding=\"async\" class=\"alignleft\" src=\"https:\/\/aristonacqui.it\/wp-content\/uploads\/2019\/11\/Regalo.jpg\" alt=\"Questa immagine ha l'attributo alt vuoto; il nome del file \u00e8 Regalo.jpg\" width=\"554\" height=\"333\" \/>\r\n<h2><strong><em>LUNED\u00cc 16 MARZO 2020 <\/em><\/strong><em><b>ore 21:00<\/b><\/em><\/h2>\r\n<h1><strong>REGALO DI NATALE\r\n<\/strong><\/h1>\r\ndal film di <strong>Pupi Avati<\/strong> adattamento teatrale di <strong>Sergio Pierattini<\/strong>\r\nCon <strong>Gigio Alberti, Filippo Dini, Giovanni Esposito, Valerio Santoro, Gennaro Di Biase\r\n<\/strong>Regia <strong>Marcello Cotugno\r\n<\/strong>\r\n<h6 align=\"JUSTIFY\"><span style=\"font-family: Calibri, sans-serif;\"><span style=\"font-size: small;\">In una villa di campagna, la notte di Natale, quattro amici che non si vedono da dieci anni si ritrovano per una partita a poker: sul piatto, oltre ai soldi, c\u2019\u00e8 il bilancio della vita di ognuno: i fallimenti, i tradimenti, le menzogne e gli inganni. Uno dei pi\u00f9 bei film di Pupi Avati rivive sulla scena appassionando con la sua stringente contemporaneit\u00e0 e la sua universalit\u00e0 fuori dal tempo, arricchito da un&#8217;ironia leggera e lucida che fa sorridere, talvolta ridere e spesso riflettere.<\/span><\/span><\/h6>\r\n\r\n<figure class=\"wp-block-image\"><img decoding=\"async\" src=\"blob:https:\/\/aristonacqui.it\/a5019d2b-741d-46db-96ad-935c4e84479f\" alt=\"\" \/><\/figure>","protected":false},"excerpt":{"rendered":"","protected":false},"author":2,"featured_media":0,"parent":0,"menu_order":0,"comment_status":"closed","ping_status":"closed","template":"","meta":{"footnotes":""},"class_list":["post-2503","page","type-page","status-publish","hentry"],"_links":{"self":[{"href":"https:\/\/aristonacqui.it\/index.php?rest_route=\/wp\/v2\/pages\/2503","targetHints":{"allow":["GET"]}}],"collection":[{"href":"https:\/\/aristonacqui.it\/index.php?rest_route=\/wp\/v2\/pages"}],"about":[{"href":"https:\/\/aristonacqui.it\/index.php?rest_route=\/wp\/v2\/types\/page"}],"author":[{"embeddable":true,"href":"https:\/\/aristonacqui.it\/index.php?rest_route=\/wp\/v2\/users\/2"}],"replies":[{"embeddable":true,"href":"https:\/\/aristonacqui.it\/index.php?rest_route=%2Fwp%2Fv2%2Fcomments&post=2503"}],"version-history":[{"count":1,"href":"https:\/\/aristonacqui.it\/index.php?rest_route=\/wp\/v2\/pages\/2503\/revisions"}],"predecessor-version":[{"id":2504,"href":"https:\/\/aristonacqui.it\/index.php?rest_route=\/wp\/v2\/pages\/2503\/revisions\/2504"}],"wp:attachment":[{"href":"https:\/\/aristonacqui.it\/index.php?rest_route=%2Fwp%2Fv2%2Fmedia&parent=2503"}],"curies":[{"name":"wp","href":"https:\/\/api.w.org\/{rel}","templated":true}]}}