{"id":2493,"date":"2022-01-12T00:49:15","date_gmt":"2022-01-12T00:49:15","guid":{"rendered":"https:\/\/aristonacqui.it\/?page_id=2493"},"modified":"2022-01-27T12:18:15","modified_gmt":"2022-01-27T12:18:15","slug":"acquiteatro-2022","status":"publish","type":"page","link":"https:\/\/aristonacqui.it\/?page_id=2493","title":{"rendered":"AcquiTeatro 2022"},"content":{"rendered":"<p><!--more--><\/p>\r\n<blockquote><img loading=\"lazy\" decoding=\"async\" class=\"alignleft\" src=\"https:\/\/aristonacqui.it\/wp-content\/uploads\/2022\/01\/locacqitea.jpg\" alt=\"Questa immagine ha l'attributo alt vuoto; il nome del file \u00e8 Cartellone2020-2-724x1024.jpg\" width=\"403\" height=\"570\" \/><strong>A partire dal 18 gennaio 2022 prender\u00e0 il via la sesta edizione di \u201cAcquiTeatro\u201d. La stagione, come sempre con la direzione artistica di Clara Costanzo, sar\u00e0 composta da 5 spettacoli, tutti compresi in abbonamento.<\/strong>\r\n<div class=\"page\" title=\"Page 6\">\r\n<div class=\"layoutArea\">\r\n<div class=\"column\"><span style=\"font-weight: 400;\"><strong>BIGLIETTI<\/strong> Per singola rappresentazione:<\/span> \u2022 Primi posti \u20ac 28 &#8211; *Ridotto \u20ac 23 \u2022 Secondi posti \u20ac 23 *Ridotto \u20ac 19 \u2022 Galleria \u20ac 19 \u00a0*Ridotto \u20ac15\r\n<div class=\"page\" title=\"Page 6\">\r\n<div class=\"layoutArea\">\r\n<div class=\"column\"><span style=\"font-weight: 400;\"><strong>ABBONAMENTI<\/strong> Per 4 spettacoli, posto fisso<strong>**<\/strong>:<\/span> \u2022 Primi posti \u20ac 115 Ridotto 95 \u2022\u00a0Secondi posti \u20ac 95 Ridotto \u20ac 80 \u2022 Galleria \u20ac 80 Ridotto Galleria \u20ac 60\r\n<div class=\"page\" title=\"Page 6\">\r\n<div class=\"layoutArea\">\r\n<div class=\"column\">\r\n<div class=\"page\" title=\"Page 6\">\r\n<div class=\"layoutArea\">\r\n<div class=\"column\"><strong>*<\/strong>per i giovani fino a 18 anni, studenti universitari fino a 25 anni e adulti oltre i 65 anni. <strong>**<\/strong>Gli abbonamenti si intendono a \u201cposto fisso\u201d, qualora non intervengano restrizioni di capienza dovute all\u2019emergenza sanitaria. In questo caso, i posti potranno essere riassegnati in base alle necessit\u00e0 e alle normative.<\/div>\r\n<div class=\"page\" title=\"Page 6\">\r\n<div class=\"layoutArea\">\r\n<div class=\"column\"><strong>\u00a0 PRENOTAZIONI BIGLIETTI: 014458067 &#8211;\u00a0ariston.acqui@creaweb.it\u00a0<\/strong><\/div>\r\n<\/div>\r\n<\/div>\r\n<\/div>\r\n<\/div>\r\n<\/div>\r\n<\/div>\r\n<\/div>\r\n<\/div>\r\n<\/div>\r\n<\/div>\r\n<\/div>\r\n<\/div>\r\n<\/div>\r\n<\/blockquote>\r\n<hr \/>\r\n<p align=\"CENTER\"><span style=\"color: #000000;\"><span style=\"font-size: xx-large;\"><b>CARTELLONE 2022<\/b><\/span><\/span><\/p>\r\n<hr \/>\r\n<p align=\"CENTER\"><img loading=\"lazy\" decoding=\"async\" class=\"alignleft\" src=\"https:\/\/aristonacqui.it\/wp-content\/uploads\/2022\/01\/pigiama-per-sei-cover3.jpg\" alt=\"Questa immagine ha l'attributo alt vuoto; il nome del file \u00e8 Donchisci@tte.jpg\" width=\"480\" height=\"320\" \/><\/p>\r\n<h2><em><b>MARTED\u00cc 18<\/b><\/em><em><b>\u00a0GENNAIO ore 21:00 <\/b><\/em><\/h2>\r\n<h1><b>PIGIAMA PER SEI<\/b><\/h1>\r\n<p><span style=\"font-weight: 400;\"> di <strong>Marc Camoletti<\/strong> Con<b> <strong>Laura Curino, Antonio Conracchione, Rita Pelusio, Max pisu<\/strong><\/b> Regia<b>\u00a0Marco Rampololdi<\/b><\/span><\/p>\r\n<div class=\"page\" title=\"Page 2\">\r\n<div class=\"section\">\r\n<div class=\"layoutArea\">\r\n<div class=\"column\">\r\n<h6>Un <strong>cast esplosivo<\/strong> per il pi\u00f9 classico dei triangoli: lui, lei, l\u2019altra. Noto per aver scritto \u201cvaudeville moderni\u201d di\u00a0 successo, Marc Camoletti offre un meccanismo perfetto: tra equivoci e risate, lo spettatore si appassiona e involontariamente si immedesima nei personaggi costretti a interpretare ruoli diversi a seconda di quali siano le persone presenti nella stanza.\u00a0 <strong>Antonio Cornacchione<\/strong> e <strong>Max Pisu<\/strong> insieme a <strong>Laura Curino<\/strong> e <strong>Rita Pelusio<\/strong> danno vita a uno spettacolo lieve, veloce e divertente che non rinuncia a fare uno spaccato impietoso della vacuit\u00e0 dei rapporti personali nel pieno degli anni \u201980 \u2013 quando il testo \u00e8 nato \u2013 e che si riscontra spesso anche oggi.<\/h6>\r\n\u00a0<\/div>\r\n<\/div>\r\n<\/div>\r\n<\/div>\r\n<hr \/>\r\n<p align=\"CENTER\"><img loading=\"lazy\" decoding=\"async\" class=\"alignleft\" src=\"https:\/\/politeamadianese.com\/wp-content\/uploads\/2022\/01\/alichin.jpg\" alt=\"Questa immagine ha l'attributo alt vuoto; il nome del file \u00e8 Donchisci@tte.jpg\" width=\"480\" height=\"320\" \/><\/p>\r\n<h2><em><b>MARTED\u00cc 25<\/b><\/em><em><b>\u00a0GENNAIO ore 21:00 <\/b><\/em><\/h2>\r\n<h1><b>ALICHIN DI MALEBOLGE<\/b><\/h1>\r\n<p><span style=\"font-weight: 400;\"> di <strong>Enrico Bonavera<\/strong> Con<b> <strong>Enrico Bonavera<\/strong><\/b> Regia<b>\u00a0Christian Zecca<\/b><\/span><\/p>\r\n<div class=\"page\" title=\"Page 2\">\r\n<div class=\"section\">\r\n<div class=\"layoutArea\">\r\n<div class=\"column\">\r\n<h6>Enrico Bonavera \u00e8 l\u2019Arlecchino del Piccolo Teatro di Milano, l&#8217;erede del grande Ferruccio Soleri ne &#8220;L\u2019Arlecchino servitore di due padro- ni&#8221; di Giorgio Strehler, maestro di Maschere e Commedia dell&#8217;Arte. Lo spettacolo racconta le esilaranti peripezie di Alichino, un diavolo che, uscito dall\u2019Inferno, diventa attore di una compagnia di comici dell\u2019arte.<\/h6>\r\n<h6>In un\u2019ora e mezza scoppiettante, in un dialet- to \u201cfalso lombardo-veneto\u201d, Bonavera indossa le vesti di un diavoletto furioso, ingenuo, stralunato e pasticcione, divertendosi a giocare con la fantasia col mondo della Commedia dantesca, in un viaggio esisten- ziale pieno di avventure paradossali, ricco di comicit\u00e0 e di splendida poesia.<\/h6>\r\n<\/div>\r\n<\/div>\r\n<\/div>\r\n<\/div>\r\n<hr \/>\r\n<p><img loading=\"lazy\" decoding=\"async\" class=\"alignleft\" src=\"https:\/\/politeamadianese.com\/wp-content\/uploads\/2022\/01\/va-in-scena-nella\u0080\u0099ambito-del-tor-bella-monaca-teatro-festival-dal-5-al-7-agosto-le-opere-complete-di-shakespeare-in-90a\u0080\u0099-.jpg\" alt=\"Questa immagine ha l'attributo alt vuoto; il nome del file \u00e8 UnAutunnoDiFuoco.jpg\" width=\"484\" height=\"319\" \/><\/p>\r\n<h2><em><b>MARTED\u00cc 8 FEBBRAIO\u00a0<\/b><\/em><em><b>ore 21:00<\/b><\/em><\/h2>\r\n<h1><b>LE OPERE COMPLETE DI SHAKESPEARE IN 90 MINUTI<\/b><\/h1>\r\n<p><span style=\"font-weight: 400;\">di<strong> Adam Long, Daniel Singer, Jess Winfield<\/strong> Con<strong> Fabrizio Checcacci, Roberto Andrioli, Lorenzo Degl&#8217;Innocenti <\/strong>Regia<strong> Fabrizio Checcacci, Roberto Andrioli, Lorenzo Degl&#8217;Innocenti <\/strong><\/span><\/p>\r\n<div class=\"page\" title=\"Page 3\">\r\n<div class=\"section\">\r\n<div class=\"layoutArea\">\r\n<div class=\"column\">\r\n<h6>&#8220;Le opere complete di Shakespeare in 90 minuti&#8221; \u00e8 stata replicata al Criterion Theatre di Londra per nove anni consecutivi, diventando uno degli spettacoli pi\u00f9 conosciuti al mondo. Una parodia di tutte le opere di William Shake- speare eseguita da tre soli attori che giocano con le pi\u00f9 svariate tecniche interpretative ad un ritmo forsennato. Una sfida teatrale ai limiti dell\u2019incredibile, una bizzarra immersione nel mondo shakespeariano, un omaggio divertito e divertente al grande drammaturgo.<\/h6>\r\n<\/div>\r\n<\/div>\r\n<\/div>\r\n<\/div>\r\n<hr \/>\r\n<p><img loading=\"lazy\" decoding=\"async\" class=\"alignleft\" src=\"https:\/\/politeamadianese.com\/wp-content\/uploads\/2022\/01\/teatro.it-giusto-teatro-della-tosse01.jpg\" alt=\"Questa immagine ha l'attributo alt vuoto; il nome del file \u00e8 LaMatematica.jpg\" width=\"482\" height=\"311\" \/><\/p>\r\n<h2><em><strong>LUNED\u00cc 21 FEBBRAIO\u00a0<\/strong><\/em><em><b>ore 21:00<\/b><\/em><\/h2>\r\n<h1><strong>COPPIA APERTA QUASI SPALANCATA<br \/><\/strong><\/h1>\r\n<p>di <strong>Dario Fo, Franca Rame<\/strong> Con <strong>Chiara Francini, Alessandro Federico<\/strong> Regia<strong> Alessandro Tedeschi<\/strong><\/p>\r\n<div class=\"page\" title=\"Page 4\">\r\n<div class=\"section\">\r\n<div class=\"layoutArea\">\r\n<div class=\"column\">\r\n<h6>Scritta da Dario Fo e Franca Rame, \u201cCoppia aperta\u2026quasi spalancata\u201d porta in scena la psicologia maschile e la relativa insofferenza al concetto di monogamia. In un ritmo un p\u00f2 all&#8217;inglese nel salotto di casa della coppia che scoppia si inanellano gag divertenti tra finti tentativi di suicidio con minacce di gettarsi dalla finestra e mille recriminazioni a carico del marito infedele.<\/h6>\r\n<\/div>\r\n<\/div>\r\n<\/div>\r\n<\/div>\r\n<hr \/>\r\n<p><img loading=\"lazy\" decoding=\"async\" class=\"alignleft\" src=\"http:\/\/politeamadianese.com\/wp-content\/uploads\/2019\/11\/Carosello.png\" alt=\"Questa immagine ha l'attributo alt vuoto; il nome del file \u00e8 Carosello.png\" width=\"515\" height=\"572\" \/><\/p>\r\n<h2><strong><em>MARTED\u00cc 8 MARZO\u00a0<\/em><\/strong><em><b>ore 21:00<\/b><\/em><\/h2>\r\n<h1><strong>A NANNA DOPO CAROSELLO <\/strong><\/h1>\r\n<p>di <strong>Clara Costanzo<\/strong> Con <strong>Vito Molinari, Clara Costanzo<\/strong> Regia <strong>Clara Costanzo <\/strong><\/p>\r\n<h6 align=\"JUSTIFY\"><span style=\"font-family: Calibri, sans-serif;\"><span style=\"font-size: small;\">Il 3 gennaio 1954 Vito Molinari dirige la trasmissione inaugurale della televisione italiana. Da allora \u00e8 regista e autore di oltre 2000 trasmissioni tv, dai grandi variet\u00e0 del sabato sera agli sceneggiati in bianco e nero, dalle commedie ai caroselli , collaborando con tutti i pi\u00f9 grandi attori comici e le pi\u00f9 talentuose soubrette dello spettacolo. Vito ci racconta storie curiose e divertenti, aneddoti gustosi e sagaci di una tv che non esiste pi\u00f9, tra canzoni e scherzi musicali degli anni migliori dello spettacolo italiano.<\/span><\/span><\/h6>\r\n<hr \/>\r\n<figure class=\"wp-block-image\"><strong>PRENOTAZIONI BIGLIETTI: 014458067 &#8211;\u00a0ariston.acqui@creaweb.it\u00a0<img decoding=\"async\" src=\"blob:https:\/\/aristonacqui.it\/a5019d2b-741d-46db-96ad-935c4e84479f\" alt=\"\" \/><\/strong><\/figure>","protected":false},"excerpt":{"rendered":"","protected":false},"author":2,"featured_media":2499,"parent":0,"menu_order":0,"comment_status":"closed","ping_status":"closed","template":"","meta":{"footnotes":""},"class_list":["post-2493","page","type-page","status-publish","has-post-thumbnail","hentry"],"_links":{"self":[{"href":"https:\/\/aristonacqui.it\/index.php?rest_route=\/wp\/v2\/pages\/2493","targetHints":{"allow":["GET"]}}],"collection":[{"href":"https:\/\/aristonacqui.it\/index.php?rest_route=\/wp\/v2\/pages"}],"about":[{"href":"https:\/\/aristonacqui.it\/index.php?rest_route=\/wp\/v2\/types\/page"}],"author":[{"embeddable":true,"href":"https:\/\/aristonacqui.it\/index.php?rest_route=\/wp\/v2\/users\/2"}],"replies":[{"embeddable":true,"href":"https:\/\/aristonacqui.it\/index.php?rest_route=%2Fwp%2Fv2%2Fcomments&post=2493"}],"version-history":[{"count":5,"href":"https:\/\/aristonacqui.it\/index.php?rest_route=\/wp\/v2\/pages\/2493\/revisions"}],"predecessor-version":[{"id":2501,"href":"https:\/\/aristonacqui.it\/index.php?rest_route=\/wp\/v2\/pages\/2493\/revisions\/2501"}],"wp:featuredmedia":[{"embeddable":true,"href":"https:\/\/aristonacqui.it\/index.php?rest_route=\/wp\/v2\/media\/2499"}],"wp:attachment":[{"href":"https:\/\/aristonacqui.it\/index.php?rest_route=%2Fwp%2Fv2%2Fmedia&parent=2493"}],"curies":[{"name":"wp","href":"https:\/\/api.w.org\/{rel}","templated":true}]}}