{"id":235,"date":"2014-11-21T04:51:49","date_gmt":"2014-11-21T04:51:49","guid":{"rendered":"http:\/\/localhost\/wordpress-4.0.1\/wordpress\/?page_id=2"},"modified":"2017-11-17T23:45:48","modified_gmt":"2017-11-17T23:45:48","slug":"sample-page-2-2","status":"publish","type":"page","link":"https:\/\/aristonacqui.it\/?page_id=235","title":{"rendered":"Privacy\/Cookies"},"content":{"rendered":"<p>Questo sito web fa uso di cookies per funzionare correttamente e per raccogliere informazioni in base alle tue preferenze, anche da siti web di terze parti. Per poter continuare la navigazione utilizzandoli \u00e8 necessario il tuo esplicito consenso per il loro utilizzo da parte di questo sito web premendo il plusante verde &#8220;approvo&#8221; o interagendo con il sito, in alternativa puoi disapprovare e continuare la navigazione senza il loro utilizzo premendo il pulsante rosso &#8220;disapprovo&#8221;<br \/>\nNota: disapprovando l&#8217;utilizzo dei cookies molte funzionalit\u00e0 non saranno disponibili ad esempio la visualizzazione dei video<\/p>\n<p>Policy completa<br \/>\nTitolare del Trattamento dei Dati<br \/>\nGIOVANNI ORSI orsi@dianese.it<br \/>\nTipologie di Dati raccolti<\/p>\n<p>Fra i Dati Personali raccolti da questo Sito, in modo autonomo o tramite terze parti, ci sono: Cookie, Dati di utilizzo, Email e Nome.<\/p>\n<p>Altri Dati Personali raccolti potrebbero essere indicati in altre sezioni di questa privacy policy o mediante testi informativi visualizzati contestualmente alla raccolta dei Dati stessi.<br \/>\nI Dati Personali possono essere inseriti volontariamente dall\u2019Utente, oppure raccolti in modo automatico durante l\u2019uso di questo Sito.<br \/>\nL\u2019eventuale utilizzo di Cookie \u2013 o di altri strumenti di tracciamento \u2013 da parte di questo Sito o dei titolari dei servizi terzi utilizzati da questo Sito, ove non diversamente precisato, ha la finalit\u00e0 di identificare l\u2019Utente e registrare le relative preferenze per finalit\u00e0 strettamente legate all\u2019erogazione del servizio richiesto dall\u2019Utente.<br \/>\nIl mancato conferimento da parte dell\u2019Utente di alcuni Dati Personali potrebbe impedire a questo Sito di erogare i propri servizi.<\/p>\n<p>L\u2019Utente si assume la responsabilit\u00e0 dei Dati Personali di terzi pubblicati o condivisi mediante questo Sito e garantisce di avere il diritto di comunicarli o diffonderli, liberando il Titolare da qualsiasi responsabilit\u00e0 verso terzi.<\/p>\n<p>Modalit\u00e0 e luogo del trattamento dei Dati raccolti<br \/>\nModalit\u00e0 di trattamento<\/p>\n<p>Il Titolare tratta i Dati Personali degli Utenti adottando le opportune misure di sicurezza volte ad impedire l\u2019accesso, la divulgazione, la modifica o la distruzione non autorizzate dei Dati Personali.<br \/>\nIl trattamento viene effettuato mediante strumenti informatici e\/o telematici, con modalit\u00e0 organizzative e con logiche strettamente correlate alle finalit\u00e0 indicate. Oltre al Titolare, in alcuni casi, potrebbero avere accesso ai Dati categorie di incaricati coinvolti nell\u2019organizzazione del sito (personale amministrativo, commerciale, marketing, legali, amministratori di sistema) ovvero soggetti esterni (come fornitori di servizi tecnici terzi, corrieri postali, hosting provider, societ\u00e0 informatiche, agenzie di comunicazione) nominati anche, se necessario, Responsabili del Trattamento da parte del Titolare. L\u2019elenco aggiornato dei Responsabili potr\u00e0 sempre essere richiesto al Titolare del Trattamento.<br \/>\nLuogo<\/p>\n<p>I Dati sono trattati presso la sede operativa del Titolare. Per ulteriori informazioni, contatta il Titolare.<br \/>\nTempi<\/p>\n<p>I Dati sono trattati per il tempo necessario allo svolgimento del servizio richiesto dall\u2019Utente, o richiesto dalle finalit\u00e0 descritte in questo documento, e l\u2019Utente pu\u00f2 sempre chiedere l\u2019interruzione del Trattamento o la cancellazione dei Dati.<\/p>\n<p>Finalit\u00e0 del Trattamento dei Dati raccolti<\/p>\n<p>I Dati dell\u2019Utente sono raccolti per consentire al sito di fornire i propri servizi, cos\u00ec come per le seguenti finalit\u00e0: Contattare l\u2019Utente, Gestione indirizzi e invio di messaggi email, Interazione con social network e piattaforme esterne, Affiliazione commerciale, Commento dei contenuti, Gestione dei feed RSS e Statistica. Le tipologie di Dati Personali utilizzati per ciascuna finalit\u00e0 sono indicati nelle sezioni specifiche di questo documento.<\/p>\n<p>Permessi Facebook richiesti da questo Sito<\/p>\n<p>Questo Sito pu\u00f2 richiedere alcuni permessi Facebook che gli consentono di eseguire azioni con l\u2019account Facebook dell\u2019Utente e di raccogliere informazioni, inclusi Dati Personali, da esso.<\/p>\n<p>Per maggiorni informazioni sui permessi che seguono, fai riferimento alla documentazione dei permessi Facebook ed alla privacy policy di Facebook.<\/p>\n<p>I permessi richiesti sono i seguenti:<br \/>\nInformazioni di base<\/p>\n<p>Le informazioni di base dell\u2019Utente registrato su Facebook che normalmente includono i seguenti Dati: id, nome, immagine, genere e lingua di localizzazione ed, in alcuni casi gli \u201cAmici\u201d di Facebook. Se l\u2019Utente ha reso disponibili pubblicamente Dati ulteriori, gli stessi saranno disponibili.<br \/>\nCondivisione<\/p>\n<p>Condivisione al posto dell\u2019utente.<br \/>\nInsight<\/p>\n<p>Fornisce accesso ai dati Insight per pagine, applicazioni e domini che l\u2019utente possiede.<br \/>\nMi Piace<\/p>\n<p>Fornisce accesso alla lista di tutte le pagine che l\u2019utente ha contrassegnato con il Mi Piace.<\/p>\n<p>Dettagli sul trattamento dei Dati Personali<\/p>\n<p>I Dati Personali sono raccolti per le seguenti finalit\u00e0 ed utilizzando i seguenti servizi:<\/p>\n<p>Contattare l&#8217;Utente<br \/>\nGestione Indirizzi e invio Mail<br \/>\nProtezione SPAM<br \/>\nAccessi Account Servizi Terzi<br \/>\nStatistica<br \/>\nCommento dei contenuti<br \/>\nGestione donazioni\/pagamenti<br \/>\nInterazione con Social Networks<br \/>\nRemarketing e Behavioral Targeting<br \/>\nContenuti su piattaforme esterne<br \/>\nAffiliazione Commerciale<br \/>\nGestione Feed RSS<br \/>\nServizi DNS<\/p>\n<p>opened4<br \/>\nMailing List o Newsletter (Questo Sito)<\/p>\n<p>Con la registrazione alla mailing list o alla newsletter, l\u2019indirizzo email dell\u2019Utente viene automaticamente inserito in una lista di contatti a cui potranno essere trasmessi messaggi email contenenti informazioni, anche di natura commerciale e promozionale, relative a questo Sito. L\u2019indirizzo email dell\u2019Utente potrebbe anche essere aggiunto a questa lista come risultato della registrazione a questo Sito o dopo aver effettuato un acquisto.<\/p>\n<p>Dati personali raccolti: Email e Nome.<br \/>\nModulo di contatto (Questo Sito)<\/p>\n<p>L\u2019Utente, compilando con i propri Dati il modulo di contatto, acconsente al loro utilizzo per rispondere alle richieste di informazioni, di preventivo, o di qualunque altra natura indicata dall\u2019intestazione del modulo.<\/p>\n<p>Dati personali raccolti: Email e Nome.<br \/>\nCookie policy<\/p>\n<p>Questo Sito fa utilizzo di Cookie.<\/p>\n<p>Con il presente documento, ai sensi degli artt. 13 e 122 del D. Lgs. 196\/2003 (\u201ccodice privacy\u201d), nonch\u00e9 in base a quanto previsto dal Provvedimento generale del Garante privacy dell\u20198 maggio 2014, Alfonso Striano, titolare del trattamento, fornisce agli utenti del sito www..it alcune informazioni relative ai cookie utilizzati.<\/p>\n<p>Cosa sono i cookie<\/p>\n<p>Un \u201ccookie\u201d \u00e8 un piccolo file di testo creato sul computer dell\u2019utente al momento in cui questo accede ad un determinato sito, con lo scopo di immagazzinare e trasportare informazioni. I cookie sono inviati da un server web (che \u00e8 il computer sul quale \u00e8 in esecuzione il sito web visitato) al browser dell\u2019utente (Internet Explorer, Mozilla Firefox, Google Chrome, Opera, ecc.) e memorizzati sul computer di quest\u2019ultimo; vengono, quindi, re-inviati al sito web al momento delle visite successive.<\/p>\n<p>Nel corso della navigazione l\u2019utente potrebbe ricevere sul suo terminale anche cookie di siti diversi (c.d. cookies di \u201cterze parti\u201d), impostati direttamente da gestori di detti siti web e utilizzati per le finalit\u00e0 e secondo le modalit\u00e0 da questi definiti.<\/p>\n<p>Tipologie di cookie utilizzate dal presente sito<\/p>\n<p>Cookie del Titolare<\/p>\n<p>Il sito www..it utilizza solo cookie tecnici e di terze parti assimilati a quelli tecnici, rispetto ai quali, ai sensi dell\u2019art. 122 del codice privacy e del Provvedimento del Garante dell\u20198 maggio 2014, non \u00e8 richiesto alcun consenso da parte dell\u2019interessato.<\/p>\n<p>Pi\u00f9 precisamente il sito utilizza:<\/p>\n<p>\u2013 cookie tecnici necessari alla navigazione da parte dell\u2019utente, di seguito indicati nel dettaglio:<\/p>\n<p>In assenza di tali cookie, il sito web non potrebbe funzionare correttamente.<\/p>\n<p>Cookie di terze parti<\/p>\n<p>Alcuni dei servizi elencati di seguito potrebbero non richiedere il consenso dell\u2019Utente o potrebbero essere gestiti direttamente dal Titolare \u2013 a seconda di quanto descritto \u2013 senza l\u2019ausilio di terzi.<\/p>\n<p>Qualora fra gli strumenti indicati in seguito fossero presenti servizi gestiti da terzi, questi potrebbero \u2013 in aggiunta a quanto specificato ed anche all\u2019insaputa del Titolare \u2013 compiere attivit\u00e0 di tracciamento dell\u2019Utente. Per informazioni dettagliate in merito, si consiglia di consultare le privacy policy dei servizi elencati.<\/p>\n<p>Attraverso il sito www..it sono installati alcuni cookie di terze parti, anche profilanti, che si attivano cliccando \u201cAccetto\u201d sul banner informativo (informativa breve).<\/p>\n<p>I singoli cookie di terze parti, nonch\u00e9 i link attraverso i quali l\u2019utente pu\u00f2 ricevere maggiori informazioni e richiedere la disattivazione dei cookie sono riportati nell\u2019elenco dei servizi indicati nel paragrafo \u201cDettagli sul trattamento dei Dati Personali\u201d a cui si rimanda.<\/p>\n<p>Modalit\u00e0 del trattamento<\/p>\n<p>Il trattamento viene effettuato con strumenti automatizzati dal Titolare. Non viene effettuata alcuna diffusione o comunicazione.<\/p>\n<p>Conferimento dei dati<\/p>\n<p>Fatta eccezione per i cookie tecnici strettamente necessari alla normale navigazione, il conferimento dei dati \u00e8 rimesso alla volont\u00e0 dell\u2019interessato che decida di navigare sul sito dopo aver preso visione dell\u2019informativa breve contenuta nell\u2019apposito banner e di usufruire dei servizi di terze parti che comportano l\u2019installazione di cookie.<\/p>\n<p>L\u2019interessato pu\u00f2 quindi evitare l\u2019installazione dei cookie mantenendo il banner (astenendosi quindi dal chiuderlo cliccando sul tasto \u201cAccetto\u201d), nonch\u00e9 attraverso le apposite funzioni disponibili sul proprio browser.<\/p>\n<p>Disabilitazione dei cookie<\/p>\n<p>In aggiunta a quanto indicato in questo documento, l\u2019Utente pu\u00f2 gestire le preferenze relative ai Cookie direttamente all\u2019interno del proprio browser ed impedire \u2013 ad esempio \u2013 che terze parti possano installarne. Tramite le preferenze del browser \u00e8 inoltre possibile eliminare i Cookie installati in passato, incluso il Cookie in cui venga eventualmente salvato il consenso all\u2019installazione di Cookie da parte di questo sito. \u00c8 importante notare che disabilitando tutti i Cookie, il funzionamento di questo sito potrebbe essere compromesso.<\/p>\n<p>Ciascun browser presenta procedure diverse per la gestione delle impostazioni. L\u2019utente pu\u00f2 ottenere istruzioni specifiche attraverso i link sottostanti.<\/p>\n<p>Microsoft Windows Explorer<\/p>\n<p>Google Chrome<\/p>\n<p>Mozilla Firefox<\/p>\n<p>Apple Safari<\/p>\n<p>Opera<\/p>\n<p>\u2013 La disattivazione dei cookie di terze parti \u00e8 inoltre possibile attraverso le modalit\u00e0 rese disponibili direttamente dalla societ\u00e0 terza titolare per detto trattamento, come indicato ai link riportati nel paragrafo \u201ccookie di terze parti\u201d<\/p>\n<p>\u2013 In caso di servizi erogati da terze parti, l\u2019Utente pu\u00f2 inoltre esercitare il proprio diritto ad opporsi al tracciamento informandosi tramite la privacy policy della terza parte, tramite il link di opt out se esplicitamente fornito o contattando direttamente la stessa.<\/p>\n<p>\u2013 Per avere informazioni sui cookie archiviati sul proprio terminale e disattivarli singolarmente si rinvia al link:<\/p>\n<p>http:\/\/www.youronlinechoices.com\/it\/le-tue-scelte<br \/>\nUlteriori informazioni sui Dati Personali<br \/>\naffiliate Marketing Affiliato<\/p>\n<p>Per permettere il mantenimento dell\u2019hosting del blog e per poter continuare a dedicare il mio tempo a questo progetto gratuito, su questo blog propongo link di affiliazione. I link di affiliazione, mi permettono di guadagnare una percentuale su quello che l\u2019utente acquista tramite il link di affiliazione. Tale guadagno, mi permette di lavorare su questo blog, garantendo del materiale utile e gratuito a tutti gli utenti.<br \/>\nUlteriori informazioni sul trattamento<br \/>\nDifesa in giudizio<\/p>\n<p>I Dati Personali dell\u2019Utente possono essere utilizzati per la difesa da parte del Titolare in giudizio o nelle fasi propedeutiche alla sua eventuale instaurazione, da abusi nell\u2019utilizzo della stessa o dei servizi connessi da parte dell\u2019Utente.<br \/>\nL\u2019Utente dichiara di essere consapevole che il Titolare potrebbe essere richiesto di rivelare i Dati su richiesta delle pubbliche autorit\u00e0.<br \/>\nInformative specifiche<\/p>\n<p>Su richiesta dell\u2019Utente, in aggiunta alle informazioni contenute in questa privacy policy, questo Sito potrebbe fornire all\u2019Utente delle informative aggiuntive e contestuali riguardanti servizi specifici, o la raccolta ed il trattamento di Dati Personali.<br \/>\nLog di sistema e manutenzione<\/p>\n<p>Per necessit\u00e0 legate al funzionamento ed alla manutenzione, questo Sito e gli eventuali servizi terzi da essa utilizzati potrebbero raccogliere Log di sistema, ossia file che registrano le interazioni e che possono contenere anche Dati Personali, quali l\u2019indirizzo IP Utente.<br \/>\nInformazioni non contenute in questa policy<\/p>\n<p>Maggiori informazioni in relazione al trattamento dei Dati Personali potranno essere richieste in qualsiasi momento al Titolare del Trattamento utilizzando le informazioni di contatto.<br \/>\nEsercizio dei diritti da parte degli Utenti<\/p>\n<p>I soggetti cui si riferiscono i Dati Personali hanno il diritto in qualunque momento di ottenere la conferma dell\u2019esistenza o meno degli stessi presso il Titolare del Trattamento, di conoscerne il contenuto e l\u2019origine, di verificarne l\u2019esattezza o chiederne l\u2019integrazione, la cancellazione, l\u2019aggiornamento, la rettifica, la trasformazione in forma anonima o il blocco dei Dati Personali trattati in violazione di legge, nonch\u00e9 di opporsi in ogni caso, per motivi legittimi, al loro trattamento. Le richieste vanno rivolte al Titolare del Trattamento.<\/p>\n<p>Questo Sito non supporta le richieste \u201cDo Not Track\u201d. Per conoscere se gli eventuali servizi di terze parti utilizzati le supportano, consulta le loro privacy policy.<br \/>\nModifiche a questa privacy policy<\/p>\n<p>Il Titolare del Trattamento si riserva il diritto di apportare modifiche alla presente privacy policy in qualunque momento dandone pubblicit\u00e0 agli Utenti su questa pagina. Si prega dunque di consultare spesso questa pagina, prendendo come riferimento la data di ultima modifica indicata in fondo. Nel caso di mancata accettazione delle modifiche apportate alla presente privacy policy, l\u2019Utente \u00e8 tenuto a cessare l\u2019utilizzo di questo Sito e pu\u00f2 richiedere al Titolare del Trattamento di rimuovere i propri Dati Personali. Salvo quanto diversamente specificato, la precedente privacy policy continuer\u00e0 ad applicarsi ai Dati Personali sino a quel momento raccolti.<br \/>\nInformazioni su questa privacy policy<\/p>\n<p>Il Titolare del Trattamento dei Dati \u00e8 responsabile per questa privacy policy.<\/p>\n<p>Questa pagina \u00e8 visibile, mediante link in calce in tutte le pagine del Sito ai sensi dell\u2019art. 122 secondo comma del D.lgs. 196\/2003 e a seguito delle modalit\u00e0 semplificate per l\u2019informativa e l\u2019acquisizione del consenso per l\u2019uso dei cookie pubblicata sulla Gazzetta Ufficiale n.126 del 3 giugno 2014 e relativo registro dei provvedimenti n.229 dell\u20198 maggio 2014.<\/p>\n","protected":false},"excerpt":{"rendered":"<p>Questo sito web fa uso di cookies per funzionare correttamente e per raccogliere informazioni in base alle tue preferenze, anche da siti web di terze parti. Per poter continuare la navigazione utilizzandoli \u00e8 necessario il tuo esplicito consenso per il loro utilizzo da parte di questo sito web premendo il \u2026 <a class=\"continue-reading-link\" href=\"https:\/\/aristonacqui.it\/?page_id=235\">Leggi tutto <span class=\"meta-nav\">&rarr; <\/span><\/a><\/p>\n","protected":false},"author":2,"featured_media":0,"parent":0,"menu_order":0,"comment_status":"closed","ping_status":"open","template":"","meta":{"footnotes":""},"class_list":["post-235","page","type-page","status-publish","hentry"],"_links":{"self":[{"href":"https:\/\/aristonacqui.it\/index.php?rest_route=\/wp\/v2\/pages\/235","targetHints":{"allow":["GET"]}}],"collection":[{"href":"https:\/\/aristonacqui.it\/index.php?rest_route=\/wp\/v2\/pages"}],"about":[{"href":"https:\/\/aristonacqui.it\/index.php?rest_route=\/wp\/v2\/types\/page"}],"author":[{"embeddable":true,"href":"https:\/\/aristonacqui.it\/index.php?rest_route=\/wp\/v2\/users\/2"}],"replies":[{"embeddable":true,"href":"https:\/\/aristonacqui.it\/index.php?rest_route=%2Fwp%2Fv2%2Fcomments&post=235"}],"version-history":[{"count":4,"href":"https:\/\/aristonacqui.it\/index.php?rest_route=\/wp\/v2\/pages\/235\/revisions"}],"predecessor-version":[{"id":1646,"href":"https:\/\/aristonacqui.it\/index.php?rest_route=\/wp\/v2\/pages\/235\/revisions\/1646"}],"wp:attachment":[{"href":"https:\/\/aristonacqui.it\/index.php?rest_route=%2Fwp%2Fv2%2Fmedia&parent=235"}],"curies":[{"name":"wp","href":"https:\/\/api.w.org\/{rel}","templated":true}]}}